{"id":1607,"date":"2019-07-05T13:35:26","date_gmt":"2019-07-05T12:35:26","guid":{"rendered":"http:\/\/petitschanteurs-angers.fr\/?page_id=1607"},"modified":"2020-02-05T13:28:05","modified_gmt":"2020-02-05T12:28:05","slug":"la-galerie-des-pcc","status":"publish","type":"page","link":"http:\/\/petitschanteurs-angers.fr\/index.php\/la-galerie-des-pcc\/","title":{"rendered":"LA GALERIE DES PCC"},"content":{"rendered":"\n<p>Les photos des concerts et des moments partag\u00e9s entre les Petits Chanteurs de la Cit\u00e9 se trouvent ici ! Cliquez sur les onglets pour d\u00e9couvrir la vie du choeur en photos.<\/p>\n\n\n\n<br><\/p>\n\n\n\n<br><br><\/p>\n\n\n\n\n\n\n\n\n\n\n\n\n\n\n\n\n\n\n\n\n\n\n\n\n\n\n\n\n\n\n\n<ul class=\"wp-block-gallery columns-0 is-cropped wp-block-gallery-9 is-layout-flex wp-block-gallery-is-layout-flex\"><\/ul>\n\n\n\n<p><br><br><\/p>\n","protected":false},"excerpt":{"rendered":"<p>Les photos des concerts et des moments partag\u00e9s entre les Petits Chanteurs de la Cit\u00e9 se trouvent ici ! Cliquez sur les onglets pour d\u00e9couvrir la vie du choeur en photos.<\/p>\n","protected":false},"author":1,"featured_media":0,"parent":0,"menu_order":0,"comment_status":"closed","ping_status":"closed","template":"","meta":{"footnotes":"","_links_to":"","_links_to_target":""},"class_list":["post-1607","page","type-page","status-publish","hentry"],"aioseo_notices":[],"_links":{"self":[{"href":"http:\/\/petitschanteurs-angers.fr\/index.php\/wp-json\/wp\/v2\/pages\/1607","targetHints":{"allow":["GET"]}}],"collection":[{"href":"http:\/\/petitschanteurs-angers.fr\/index.php\/wp-json\/wp\/v2\/pages"}],"about":[{"href":"http:\/\/petitschanteurs-angers.fr\/index.php\/wp-json\/wp\/v2\/types\/page"}],"author":[{"embeddable":true,"href":"http:\/\/petitschanteurs-angers.fr\/index.php\/wp-json\/wp\/v2\/users\/1"}],"replies":[{"embeddable":true,"href":"http:\/\/petitschanteurs-angers.fr\/index.php\/wp-json\/wp\/v2\/comments?post=1607"}],"version-history":[{"count":41,"href":"http:\/\/petitschanteurs-angers.fr\/index.php\/wp-json\/wp\/v2\/pages\/1607\/revisions"}],"predecessor-version":[{"id":1881,"href":"http:\/\/petitschanteurs-angers.fr\/index.php\/wp-json\/wp\/v2\/pages\/1607\/revisions\/1881"}],"wp:attachment":[{"href":"http:\/\/petitschanteurs-angers.fr\/index.php\/wp-json\/wp\/v2\/media?parent=1607"}],"curies":[{"name":"wp","href":"https:\/\/api.w.org\/{rel}","templated":true}]}}