{"id":2184,"date":"2023-01-19T14:37:47","date_gmt":"2023-01-19T13:37:47","guid":{"rendered":"http:\/\/petitschanteurs-angers.fr\/?page_id=2184"},"modified":"2023-09-19T09:02:41","modified_gmt":"2023-09-19T08:02:41","slug":"emploi-du-temps-hebdomadaire","status":"publish","type":"page","link":"https:\/\/petitschanteurs-angers.fr\/index.php\/emploi-du-temps-hebdomadaire\/","title":{"rendered":"Emploi du temps hebdomadaire"},"content":{"rendered":"<p style=\"text-align: center;\"><span style=\"font-size: 12pt;\">Les enfants sont r\u00e9partis dans trois pupitres diff\u00e9rents : les sopranes, les mezzo-sopranes et les alti.<\/span><\/p>\n<p style=\"text-align: center;\"><span style=\"font-size: 12pt;\">Leur emploi du temps varie en fonction du pupitre dans lequel il chante.<\/span><\/p>\n<p style=\"text-align: center;\">\n<table style=\"height: 404px; width: 100%; border-collapse: collapse; border-style: double; border-color: #e68927;\">\n<tbody>\n<tr style=\"height: 24px;\">\n<td style=\"width: 20%; text-align: center; height: 24px; border-style: solid; border-color: #000000; background-color: #f1fad2;\"><\/td>\n<td style=\"width: 20%; text-align: center; height: 24px; border-style: solid; border-color: #000000; background-color: #f1fad2;\"><strong>Lundi<\/strong><\/td>\n<td style=\"width: 20%; text-align: center; height: 24px; border-style: solid; border-color: #000000; background-color: #f1fad2;\"><strong>Mardi<\/strong><\/td>\n<td style=\"width: 20%; text-align: center; height: 24px; border-style: solid; border-color: #000000; background-color: #f1fad2;\"><strong>Jeudi<\/strong><\/td>\n<td style=\"width: 20%; text-align: center; height: 24px; border-style: solid; border-color: #000000; background-color: #f1fad2;\"><strong>Vendredi<\/strong><\/td>\n<\/tr>\n<tr style=\"height: 2px;\">\n<td style=\"width: 20%; text-align: center; height: 108px; border-style: solid; border-color: #000000; background-color: #f1fad2;\"><span style=\"font-size: 10pt;\">16h10 <\/span><span style=\"font-size: 10pt;\">\u00e0 <\/span><span style=\"font-size: 10pt;\">17h00<\/span><\/td>\n<td style=\"width: 20%; text-align: center; height: 108px; border-style: solid; border-color: #000000; background-color: #f1fad2;\"><span style=\"font-size: 10pt;\">Technique vocale en groupe<\/span><\/td>\n<td style=\"width: 20%; text-align: center; height: 108px; border-style: solid; border-color: #000000; background-color: #f1fad2;\"><span style=\"font-size: 10pt;\">Alti<\/span><\/td>\n<td style=\"width: 20%; text-align: center; height: 108px; border-style: solid; border-color: #000000; background-color: #f1fad2;\"><span style=\"font-size: 10pt;\">Soprani<\/span><\/p>\n<p><span style=\"font-size: 10pt;\">et Mezzi<\/span><\/td>\n<td style=\"width: 20%; text-align: center; height: 108px; border-style: solid; border-color: #000000; background-color: #f1fad2;\"><span style=\"font-size: 10pt;\">Soprani<\/span><\/p>\n<p><span style=\"font-size: 10pt;\">Mezzi<\/span><\/p>\n<p><span style=\"font-size: 10pt;\">Alti<\/span><\/td>\n<\/tr>\n<tr style=\"height: 2px;\">\n<td style=\"width: 20%; text-align: center; height: 136px; border-style: solid; border-color: #000000; background-color: #f1fad2;\"><span style=\"font-size: 10pt;\">17h30 <\/span><span style=\"font-size: 10pt;\">\u00e0 <\/span><span style=\"font-size: 10pt;\">19h00<\/span><\/td>\n<td style=\"width: 20%; text-align: center; height: 136px; border-style: solid; border-color: #000000; background-color: #f1fad2;\"><\/td>\n<td style=\"width: 20%; text-align: center; height: 136px; border-style: solid; border-color: #000000; background-color: #f1fad2;\"><\/td>\n<td style=\"width: 20%; text-align: center; height: 136px; border-style: solid; border-color: #000000; background-color: #f1fad2;\"><\/td>\n<td style=\"width: 20%; text-align: center; height: 136px; border-style: solid; border-color: #000000; background-color: #f1fad2;\"><span style=\"font-size: 10pt;\">G\u00e9n\u00e9rale :<\/span><\/p>\n<p><span style=\"font-size: 10pt;\">Enfants et adultes<\/span><\/td>\n<\/tr>\n<tr style=\"height: 2px;\">\n<td style=\"width: 20%; text-align: center; height: 136px; border-style: solid; border-color: #000000; background-color: #f1fad2;\"><span style=\"font-size: 10pt;\">20h00 <\/span><span style=\"font-size: 10pt;\">\u00e0 <\/span><span style=\"font-size: 10pt;\">21h30<\/span><\/td>\n<td style=\"width: 20%; text-align: center; height: 136px; border-style: solid; border-color: #000000; background-color: #f1fad2;\"><\/td>\n<td style=\"width: 20%; text-align: center; height: 136px; border-style: solid; border-color: #000000; background-color: #f1fad2;\"><\/td>\n<td style=\"width: 20%; text-align: center; height: 136px; border-style: solid; border-color: #000000; background-color: #f1fad2;\"><span style=\"font-size: 10pt;\">Adultes :<\/span><\/p>\n<p><span style=\"font-size: 10pt;\">T\u00e9nors et Basses<\/span><\/td>\n<td style=\"width: 20%; text-align: center; height: 136px; border-style: solid; border-color: #000000; background-color: #f1fad2;\"><\/td>\n<\/tr>\n<\/tbody>\n<\/table>\n<p style=\"text-align: center;\">\n","protected":false},"excerpt":{"rendered":"<p>Les enfants sont r\u00e9partis dans trois pupitres diff\u00e9rents : les sopranes, les mezzo-sopranes et les alti. Leur emploi du temps varie en fonction du pupitre dans lequel il chante. Lundi Mardi Jeudi Vendredi 16h10 \u00e0 17h00 Technique vocale en groupe Alti Soprani et Mezzi Soprani Mezzi Alti 17h30 \u00e0 19h00 G\u00e9n\u00e9rale : Enfants et adultes<a href=\"https:\/\/petitschanteurs-angers.fr\/index.php\/emploi-du-temps-hebdomadaire\/\">[&#8230;]<\/a><\/p>\n","protected":false},"author":1,"featured_media":0,"parent":0,"menu_order":0,"comment_status":"closed","ping_status":"closed","template":"","meta":{"footnotes":"","_links_to":"","_links_to_target":""},"class_list":["post-2184","page","type-page","status-publish","hentry"],"aioseo_notices":[],"_links":{"self":[{"href":"https:\/\/petitschanteurs-angers.fr\/index.php\/wp-json\/wp\/v2\/pages\/2184","targetHints":{"allow":["GET"]}}],"collection":[{"href":"https:\/\/petitschanteurs-angers.fr\/index.php\/wp-json\/wp\/v2\/pages"}],"about":[{"href":"https:\/\/petitschanteurs-angers.fr\/index.php\/wp-json\/wp\/v2\/types\/page"}],"author":[{"embeddable":true,"href":"https:\/\/petitschanteurs-angers.fr\/index.php\/wp-json\/wp\/v2\/users\/1"}],"replies":[{"embeddable":true,"href":"https:\/\/petitschanteurs-angers.fr\/index.php\/wp-json\/wp\/v2\/comments?post=2184"}],"version-history":[{"count":5,"href":"https:\/\/petitschanteurs-angers.fr\/index.php\/wp-json\/wp\/v2\/pages\/2184\/revisions"}],"predecessor-version":[{"id":2452,"href":"https:\/\/petitschanteurs-angers.fr\/index.php\/wp-json\/wp\/v2\/pages\/2184\/revisions\/2452"}],"wp:attachment":[{"href":"https:\/\/petitschanteurs-angers.fr\/index.php\/wp-json\/wp\/v2\/media?parent=2184"}],"curies":[{"name":"wp","href":"https:\/\/api.w.org\/{rel}","templated":true}]}}