{"id":931,"date":"2017-02-12T22:51:07","date_gmt":"2017-02-12T21:51:07","guid":{"rendered":"http:\/\/petitschanteurs-angers.fr\/?page_id=931"},"modified":"2023-09-28T18:11:39","modified_gmt":"2023-09-28T17:11:39","slug":"repetitions-hommes","status":"publish","type":"page","link":"https:\/\/petitschanteurs-angers.fr\/index.php\/repetitions-hommes\/","title":{"rendered":"R\u00e9p\u00e9titions Voix d&rsquo;hommes"},"content":{"rendered":"<p style=\"text-align: center;\"><a href=\"http:\/\/petitschanteurs-angers.fr\/wp-content\/uploads\/2023\/09\/DSC09982-scaled-e1695920714549.jpg\"><img loading=\"lazy\" decoding=\"async\" class=\"aligncenter wp-image-2474 size-full\" src=\"http:\/\/petitschanteurs-angers.fr\/wp-content\/uploads\/2023\/09\/DSC09982-scaled-e1695920714549.jpg\" alt=\"\" width=\"2560\" height=\"768\" srcset=\"https:\/\/petitschanteurs-angers.fr\/wp-content\/uploads\/2023\/09\/DSC09982-scaled-e1695920714549.jpg 2560w, https:\/\/petitschanteurs-angers.fr\/wp-content\/uploads\/2023\/09\/DSC09982-scaled-e1695920714549-300x90.jpg 300w, https:\/\/petitschanteurs-angers.fr\/wp-content\/uploads\/2023\/09\/DSC09982-scaled-e1695920714549-1024x307.jpg 1024w, https:\/\/petitschanteurs-angers.fr\/wp-content\/uploads\/2023\/09\/DSC09982-scaled-e1695920714549-1536x461.jpg 1536w, https:\/\/petitschanteurs-angers.fr\/wp-content\/uploads\/2023\/09\/DSC09982-scaled-e1695920714549-2048x614.jpg 2048w\" sizes=\"auto, (max-width: 2560px) 100vw, 2560px\" \/><\/a><\/p>\n<p style=\"text-align: center;\">Les voix d&rsquo;hommes r\u00e9p\u00e8tent tous les jeudis de 20h00 \u00e0 21h30 et les vendredis de 17h30 \u00e0 19h00. Aucun niveau de chant n&rsquo;est requis, nous souhaitons simplement vivre ensemble des moments de joie, entre nous et avec les enfants du ch\u0153ur. Si vous voulez d\u00e9couvrir ce que nous faisons, vous pouvez nous joindre par mail et venir \u00e9couter une r\u00e9p\u00e9tition.<\/p>\n<p style=\"text-align: center;\">petitschanteursdelacite@gmail.com<\/p>\n","protected":false},"excerpt":{"rendered":"<p>Les voix d&rsquo;hommes r\u00e9p\u00e8tent tous les jeudis de 20h00 \u00e0 21h30 et les vendredis de 17h30 \u00e0 19h00. Aucun niveau de chant n&rsquo;est requis, nous souhaitons simplement vivre ensemble des moments de joie, entre nous et avec les enfants du ch\u0153ur. Si vous voulez d\u00e9couvrir ce que nous faisons, vous pouvez nous joindre par mail<a href=\"https:\/\/petitschanteurs-angers.fr\/index.php\/repetitions-hommes\/\">[&#8230;]<\/a><\/p>\n","protected":false},"author":1,"featured_media":0,"parent":0,"menu_order":0,"comment_status":"closed","ping_status":"closed","template":"","meta":{"footnotes":"","_links_to":"","_links_to_target":""},"class_list":["post-931","page","type-page","status-publish","hentry"],"aioseo_notices":[],"_links":{"self":[{"href":"https:\/\/petitschanteurs-angers.fr\/index.php\/wp-json\/wp\/v2\/pages\/931","targetHints":{"allow":["GET"]}}],"collection":[{"href":"https:\/\/petitschanteurs-angers.fr\/index.php\/wp-json\/wp\/v2\/pages"}],"about":[{"href":"https:\/\/petitschanteurs-angers.fr\/index.php\/wp-json\/wp\/v2\/types\/page"}],"author":[{"embeddable":true,"href":"https:\/\/petitschanteurs-angers.fr\/index.php\/wp-json\/wp\/v2\/users\/1"}],"replies":[{"embeddable":true,"href":"https:\/\/petitschanteurs-angers.fr\/index.php\/wp-json\/wp\/v2\/comments?post=931"}],"version-history":[{"count":5,"href":"https:\/\/petitschanteurs-angers.fr\/index.php\/wp-json\/wp\/v2\/pages\/931\/revisions"}],"predecessor-version":[{"id":2479,"href":"https:\/\/petitschanteurs-angers.fr\/index.php\/wp-json\/wp\/v2\/pages\/931\/revisions\/2479"}],"wp:attachment":[{"href":"https:\/\/petitschanteurs-angers.fr\/index.php\/wp-json\/wp\/v2\/media?parent=931"}],"curies":[{"name":"wp","href":"https:\/\/api.w.org\/{rel}","templated":true}]}}